{"id":2,"date":"2025-11-24T10:03:56","date_gmt":"2025-11-24T13:03:56","guid":{"rendered":"http:\/\/zdravi.com.br\/?page_id=2"},"modified":"2025-11-24T14:55:30","modified_gmt":"2025-11-24T17:55:30","slug":"pagina-exemplo","status":"publish","type":"page","link":"https:\/\/zdravi.com.br\/?page_id=2","title":{"rendered":"Quem somos"},"content":{"rendered":"\n<p>Primeiramente somos apaixonados por conhecimento, sendo a cerveja apenas mais um. Nossa id\u00e9ia sobre cervejas especiais para ocasi\u00f5es especiais se deu quando um familiar nosso falou sobre uma tatuagem que iria fazer, que teria de ser algo especial, que contasse a hist\u00f3ria dele; da\u00ed pensamos: &#8220;Porque tamb\u00e9m n\u00e3o fazemos cervejas especiais para ocasi\u00f5es especiais?&#8221;<\/p>\n\n\n\n<blockquote class=\"wp-block-quote is-layout-flow wp-block-quote-is-layout-flow\">\n<p>O limite \u00e9 o conhecimento e a criatividade; quando falamos do mundo da cerveja, praticamente n\u00e3o h\u00e1 limites exceto a imagina\u00e7\u00e3o, o conhecimento e as hist\u00f3rias que podemos contar atrav\u00e9s delas&#8230;<\/p>\n<\/blockquote>\n\n\n\n<p>&#8230;portando:<\/p>\n\n\n\n<blockquote class=\"wp-block-quote is-layout-flow wp-block-quote-is-layout-flow\">\n<p>Venha at\u00e9 n\u00f3s, contar sua hist\u00f3ria que, juntos, buscaremos fazer uma cerveja que possa, ao manos, refletir um pouco destes momentos de forma descontra\u00edda e com irrever\u00eancia.<\/p>\n<\/blockquote>\n\n\n\n<p>Desde cervejas muito amargas at\u00e9 cervejas \u00e1cidas; cervejas muito alc\u00f3licas at\u00e9 zero alcool; Cervejas claras; douradas; escuras; frutadas!<\/p>\n","protected":false},"excerpt":{"rendered":"<p>Primeiramente somos apaixonados por conhecimento, sendo a cerveja apenas mais um. Nossa id\u00e9ia sobre cervejas especiais para ocasi\u00f5es especiais se deu quando um familiar nosso falou sobre uma tatuagem que iria fazer, que teria de ser algo especial, que contasse a hist\u00f3ria dele; da\u00ed pensamos: &#8220;Porque tamb\u00e9m n\u00e3o fazemos cervejas especiais para ocasi\u00f5es especiais?&#8221; O [&hellip;]<\/p>\n","protected":false},"author":1,"featured_media":0,"parent":0,"menu_order":0,"comment_status":"closed","ping_status":"open","template":"","meta":{"footnotes":""},"class_list":["post-2","page","type-page","status-publish","hentry"],"_links":{"self":[{"href":"https:\/\/zdravi.com.br\/index.php?rest_route=\/wp\/v2\/pages\/2","targetHints":{"allow":["GET"]}}],"collection":[{"href":"https:\/\/zdravi.com.br\/index.php?rest_route=\/wp\/v2\/pages"}],"about":[{"href":"https:\/\/zdravi.com.br\/index.php?rest_route=\/wp\/v2\/types\/page"}],"author":[{"embeddable":true,"href":"https:\/\/zdravi.com.br\/index.php?rest_route=\/wp\/v2\/users\/1"}],"replies":[{"embeddable":true,"href":"https:\/\/zdravi.com.br\/index.php?rest_route=%2Fwp%2Fv2%2Fcomments&post=2"}],"version-history":[{"count":1,"href":"https:\/\/zdravi.com.br\/index.php?rest_route=\/wp\/v2\/pages\/2\/revisions"}],"predecessor-version":[{"id":8,"href":"https:\/\/zdravi.com.br\/index.php?rest_route=\/wp\/v2\/pages\/2\/revisions\/8"}],"wp:attachment":[{"href":"https:\/\/zdravi.com.br\/index.php?rest_route=%2Fwp%2Fv2%2Fmedia&parent=2"}],"curies":[{"name":"wp","href":"https:\/\/api.w.org\/{rel}","templated":true}]}}